{"id":7803,"date":"2023-06-29T12:29:00","date_gmt":"2023-06-29T16:29:00","guid":{"rendered":"https:\/\/lacroix2023.idgrafix.com\/contact-us\/"},"modified":"2023-11-22T10:27:42","modified_gmt":"2023-11-22T15:27:42","slug":"contact-us","status":"publish","type":"page","link":"https:\/\/equipelacroix.com\/en\/contact-us\/","title":{"rendered":"Contact us"},"content":{"rendered":"\t\t<div data-elementor-type=\"wp-page\" data-elementor-id=\"7803\" class=\"elementor elementor-7803 elementor-6887\" data-elementor-post-type=\"page\">\n\t\t\t\t\t\t<section class=\"elementor-section elementor-top-section elementor-element elementor-element-438e98d elementor-section-boxed elementor-section-height-default elementor-section-height-default wpr-particle-no wpr-jarallax-no wpr-parallax-no wpr-sticky-section-no wpr-equal-height-no\" data-id=\"438e98d\" data-element_type=\"section\" data-e-type=\"section\" data-settings=\"{&quot;background_background&quot;:&quot;classic&quot;}\">\n\t\t\t\t\t\t<div class=\"elementor-container elementor-column-gap-default\">\n\t\t\t\t\t<div class=\"elementor-column elementor-col-100 elementor-top-column elementor-element elementor-element-76c7d61\" data-id=\"76c7d61\" data-element_type=\"column\" data-e-type=\"column\">\n\t\t\t<div class=\"elementor-widget-wrap elementor-element-populated\">\n\t\t\t\t\t\t<div class=\"elementor-element elementor-element-7565cbc elementor-widget elementor-widget-spacer\" data-id=\"7565cbc\" data-element_type=\"widget\" data-e-type=\"widget\" data-widget_type=\"spacer.default\">\n\t\t\t\t<div class=\"elementor-widget-container\">\n\t\t\t\t\t\t\t<div class=\"elementor-spacer\">\n\t\t\t<div class=\"elementor-spacer-inner\"><\/div>\n\t\t<\/div>\n\t\t\t\t\t\t<\/div>\n\t\t\t\t<\/div>\n\t\t\t\t<div class=\"elementor-element elementor-element-09b1662 elementor-widget elementor-widget-heading\" data-id=\"09b1662\" data-element_type=\"widget\" data-e-type=\"widget\" data-widget_type=\"heading.default\">\n\t\t\t\t<div class=\"elementor-widget-container\">\n\t\t\t\t\t<h2 class=\"elementor-heading-title elementor-size-default\">CONTACT THE TEAM<\/h2>\t\t\t\t<\/div>\n\t\t\t\t<\/div>\n\t\t\t\t<div class=\"elementor-element elementor-element-a126aac elementor-widget elementor-widget-text-editor\" data-id=\"a126aac\" data-element_type=\"widget\" data-e-type=\"widget\" data-widget_type=\"text-editor.default\">\n\t\t\t\t<div class=\"elementor-widget-container\">\n\t\t\t\t\t\t\t\t\t<p>Would you like to meet with us to discuss a property purchase or set up a real estate alert to stay on top of new developments? Please provide us with a few details and we&#8217;ll get in touch with you as soon as possible.<\/p>\n\t\t\t\t\t\t\t\t<\/div>\n\t\t\t\t<\/div>\n\t\t\t\t<div class=\"elementor-element elementor-element-3ee8d6a elementor-widget elementor-widget-text-editor\" data-id=\"3ee8d6a\" data-element_type=\"widget\" data-e-type=\"widget\" data-widget_type=\"text-editor.default\">\n\t\t\t\t<div class=\"elementor-widget-container\">\n\t\t\t\t\t\t\t\t\t<p>Please give us a few details <br \/>and we&#8217;ll get in touch with you as soon as possible.<\/p>\n\t\t\t\t\t\t\t\t<\/div>\n\t\t\t\t<\/div>\n\t\t\t\t<div class=\"elementor-element elementor-element-d3f1422 elementor-widget elementor-widget-spacer\" data-id=\"d3f1422\" data-element_type=\"widget\" data-e-type=\"widget\" data-widget_type=\"spacer.default\">\n\t\t\t\t<div class=\"elementor-widget-container\">\n\t\t\t\t\t\t\t<div class=\"elementor-spacer\">\n\t\t\t<div class=\"elementor-spacer-inner\"><\/div>\n\t\t<\/div>\n\t\t\t\t\t\t<\/div>\n\t\t\t\t<\/div>\n\t\t\t\t<div class=\"elementor-element elementor-element-aa86306 formvendre elementor-widget elementor-widget-shortcode\" data-id=\"aa86306\" data-element_type=\"widget\" data-e-type=\"widget\" data-widget_type=\"shortcode.default\">\n\t\t\t\t<div class=\"elementor-widget-container\">\n\t\t\t\t\t\t\t<div class=\"elementor-shortcode\"><div class=\"forminator-ui forminator-custom-form forminator-custom-form-8145 forminator-design--flat  forminator_ajax\" data-forminator-render=\"0\" data-form=\"forminator-module-8145\" data-uid=\"69ea410686285\"><br\/><\/div><form\n\t\t\t\tid=\"forminator-module-8145\"\n\t\t\t\tclass=\"forminator-ui forminator-custom-form forminator-custom-form-8145 forminator-design--flat  forminator_ajax\"\n\t\t\t\tmethod=\"post\"\n\t\t\t\tdata-forminator-render=\"0\"\n\t\t\t\tdata-form-id=\"8145\"\n\t\t\t\t data-color-option=\"default\" data-design=\"flat\" data-grid=\"open\" style=\"display: none;\"\n\t\t\t\tdata-uid=\"69ea410686285\"\n\t\t\t><div role=\"alert\" aria-live=\"polite\" class=\"forminator-response-message forminator-error\" aria-hidden=\"true\"><\/div><div class=\"forminator-row\"><div id=\"group-2\" class=\"forminator-field-group forminator-col forminator-col-4 \"><div class=\"forminator-all-group-copies forminator-repeater-field\"><div class=\"forminator-grouped-fields\" data-options=\"{&quot;is_repeater&quot;:false,&quot;min_type&quot;:&quot;custom&quot;,&quot;max_type&quot;:&quot;custom&quot;,&quot;min&quot;:1,&quot;max&quot;:9223372036854775807,&quot;add_text&quot;:&quot;Add item&quot;,&quot;remove_text&quot;:&quot;Remove item&quot;,&quot;action_element_type&quot;:&quot;button&quot;}\"><div class=\"forminator-row\"><div id=\"name-1\" class=\"forminator-field-name forminator-col forminator-col-12 \"><div class=\"forminator-field\"><input type=\"text\" name=\"name-1\" value=\"\" placeholder=\"Name*\" id=\"forminator-field-name-1_69ea410686285\" class=\"forminator-input forminator-name--field\" aria-required=\"true\" autocomplete=\"name\" \/><\/div><\/div><\/div><div class=\"forminator-row\"><div id=\"email-1\" class=\"forminator-field-email forminator-col forminator-col-12 \"><div class=\"forminator-field\"><input type=\"email\" name=\"email-1\" value=\"\" placeholder=\"Email*\" id=\"forminator-field-email-1_69ea410686285\" class=\"forminator-input forminator-email--field\" data-required=\"true\" aria-required=\"true\" autocomplete=\"email\" \/><\/div><\/div><\/div><div class=\"forminator-row\"><div id=\"text-1\" class=\"forminator-field-text forminator-col forminator-col-12 \"><div class=\"forminator-field\"><input type=\"text\" name=\"text-1\" value=\"\" placeholder=\"Budget\" id=\"forminator-field-text-1_69ea410686285\" class=\"forminator-input forminator-name--field\" data-required=\"\" \/><\/div><\/div><\/div><\/div><\/div><\/div><div id=\"group-3\" class=\"forminator-field-group forminator-col forminator-col-4 \"><div class=\"forminator-all-group-copies forminator-repeater-field\"><div class=\"forminator-grouped-fields\" data-options=\"{&quot;is_repeater&quot;:false,&quot;min_type&quot;:&quot;custom&quot;,&quot;max_type&quot;:&quot;custom&quot;,&quot;min&quot;:1,&quot;max&quot;:9223372036854775807,&quot;add_text&quot;:&quot;Add item&quot;,&quot;remove_text&quot;:&quot;Remove item&quot;,&quot;action_element_type&quot;:&quot;button&quot;}\"><div class=\"forminator-row\"><div id=\"phone-1\" class=\"forminator-field-phone forminator-col forminator-col-12 \"><div class=\"forminator-field\"><input type=\"text\" name=\"phone-1\" value=\"\" placeholder=\"Phone #*\" id=\"forminator-field-phone-1_69ea410686285\" class=\"forminator-input forminator-field--phone\" data-required=\"1\" aria-required=\"true\" autocomplete=\"off\" \/><\/div><\/div><\/div><div class=\"forminator-row\"><div id=\"select-1\" class=\"forminator-field-select forminator-col forminator-col-12 \"><div class=\"forminator-field\"><select  id=\"forminator-form-8145__field--select-1_69ea410686285\" class=\"forminator-select--field forminator-select2 forminator-select2-multiple\" data-required=\"\" name=\"select-1\" data-default-value=\"\" data-hidden-behavior=\"zero\" data-placeholder=\"Type of property you\u2019re looking for\" data-search=\"false\" data-search-placeholder=\"Type of property you\u2019re looking for\" data-checkbox=\"false\" data-allow-clear=\"false\" aria-labelledby=\"forminator-form-8145__field--select-1_69ea410686285-label\"><option value=\"\"  >Type of property you\u2019re looking for<\/option><option value=\"Type-de-propri\u00e9t\u00e9-recherch\u00e9e\"  data-calculation=\"0\">Type of property you\u2019re looking for<\/option><option value=\"Unifamiliale\"  data-calculation=\"0\">House<\/option><option value=\"Jumel\u00e9\"  data-calculation=\"0\">Semi-detached house<\/option><option value=\"Maison-en-rang\u00e9e\"  data-calculation=\"0\">Townhouse<\/option><option value=\"Condo\"  data-calculation=\"0\">Condo<\/option><option value=\"Immeuble-\u00e0-revenus\"  data-calculation=\"0\">Revenue building<\/option><option value=\"Terrain\"  data-calculation=\"0\">Lot<\/option><option value=\"Terre-\u00e0-bois\"  data-calculation=\"0\">Wood lot<\/option><option value=\"Ferme\"  data-calculation=\"0\">Farm<\/option><option value=\"Commercial\"  data-calculation=\"0\">Commercial<\/option><option value=\"Industriel\"  data-calculation=\"0\">Industrial<\/option><option value=\"Maison-mobile\"  data-calculation=\"0\">Mobile home<\/option><\/select><\/div><\/div><\/div><div class=\"forminator-row\"><div id=\"select-2\" class=\"forminator-field-select forminator-col forminator-col-12 \"><div class=\"forminator-field\"><select  id=\"forminator-form-8145__field--select-2_69ea410686285\" class=\"forminator-select--field forminator-select2 forminator-select2-multiple\" data-required=\"\" name=\"select-2\" data-default-value=\"\" data-hidden-behavior=\"zero\" data-placeholder=\"Best time to reach you\" data-search=\"false\" data-search-placeholder=\"Best time to reach you\" data-checkbox=\"false\" data-allow-clear=\"false\" aria-labelledby=\"forminator-form-8145__field--select-2_69ea410686285-label\"><option value=\"\"  >Best time to reach you<\/option><option value=\"Meilleur-moment-pour-vous-joindre\"  data-calculation=\"0\">Best time to reach you<\/option><option value=\"En-tout-temps\"  data-calculation=\"0\">Anytime<\/option><option value=\"Jour\"  data-calculation=\"0\">Day<\/option><option value=\"Soir\"  data-calculation=\"0\">Evening<\/option><option value=\"Weekends\"  data-calculation=\"0\">Weekends<\/option><\/select><\/div><\/div><\/div><\/div><\/div><\/div><div id=\"group-1\" class=\"forminator-field-group forminator-col forminator-col-4 \"><div class=\"forminator-all-group-copies forminator-repeater-field\"><div class=\"forminator-grouped-fields\" data-options=\"{&quot;is_repeater&quot;:false,&quot;min_type&quot;:&quot;custom&quot;,&quot;max_type&quot;:&quot;custom&quot;,&quot;min&quot;:1,&quot;max&quot;:9223372036854775807,&quot;add_text&quot;:&quot;Add item&quot;,&quot;remove_text&quot;:&quot;Remove item&quot;,&quot;action_element_type&quot;:&quot;button&quot;}\"><div class=\"forminator-row\"><div id=\"textarea-1\" class=\"forminator-field-textarea forminator-col forminator-col-12 \"><div class=\"forminator-field\"><textarea name=\"textarea-1\" placeholder=\"Notes for our team\" id=\"forminator-field-textarea-1_69ea410686285\" class=\"forminator-textarea\" rows=\"6\" style=\"--forminator-textarea-min-height:183px;\" maxlength=\"180\" ><\/textarea><span id=\"forminator-field-textarea-1_69ea410686285-description\" class=\"forminator-description\"><span data-limit=\"180\" data-type=\"characters\" data-editor=\"\">0 \/ 180<\/span><\/span><\/div><\/div><\/div><\/div><\/div><\/div><\/div><div class=\"forminator-row\" style=\"margin: 0;\"><div id=\"captcha-1\" class=\"forminator-field-captcha  forminator-col-12 \"><div class=\"forminator-captcha-left forminator-g-recaptcha recaptcha-invisible\" data-theme=\"light\" data-badge=\"bottomright\" data-sitekey=\"6LerpjApAAAAACoTtE8iMwvURHJ3zQpVDP-O3Bxp\" data-size=\"invisible\"><\/div> <\/div><\/div><input type=\"hidden\" name=\"referer_url\" value=\"\" \/><div class=\"forminator-row forminator-row-last\"><div class=\"forminator-col\"><div class=\"forminator-field\"><button class=\"forminator-button forminator-button-submit buttonlacroix\">Submit<\/button><\/div><\/div><\/div><input type=\"hidden\" id=\"forminator_nonce\" name=\"forminator_nonce\" value=\"5fd60a0ef9\" \/><input type=\"hidden\" name=\"_wp_http_referer\" value=\"\/en\/wp-json\/wp\/v2\/pages\/7803\" \/><input type=\"hidden\" name=\"form_id\" value=\"8145\"><input type=\"hidden\" name=\"page_id\" value=\"7803\"><input type=\"hidden\" name=\"form_type\" value=\"default\"><input type=\"hidden\" name=\"current_url\" value=\"https:\/\/equipelacroix.com\/en\/contact-us\/\"><input type=\"hidden\" name=\"render_id\" value=\"0\"><input type=\"hidden\" name=\"action\" value=\"forminator_submit_form_custom-forms\"><label for=\"input_11\" class=\"forminator-hidden\" aria-hidden=\"true\">Please do not fill in this field. <input id=\"input_11\" type=\"text\" name=\"input_11\" value=\"\" autocomplete=\"off\"><\/label><\/form><\/div>\n\t\t\t\t\t\t<\/div>\n\t\t\t\t<\/div>\n\t\t\t\t<div class=\"elementor-element elementor-element-24fb091 elementor-widget elementor-widget-text-editor\" data-id=\"24fb091\" data-element_type=\"widget\" data-e-type=\"widget\" data-widget_type=\"text-editor.default\">\n\t\t\t\t<div class=\"elementor-widget-container\">\n\t\t\t\t\t\t\t\t\t<p>Need information now?<br \/>You can reach us at <a href=\"tel:+18198470444\">1 (819) 847-0444<\/a><\/p>\n\t\t\t\t\t\t\t\t<\/div>\n\t\t\t\t<\/div>\n\t\t\t\t<div class=\"elementor-element elementor-element-57aae48 elementor-widget elementor-widget-spacer\" data-id=\"57aae48\" data-element_type=\"widget\" data-e-type=\"widget\" data-widget_type=\"spacer.default\">\n\t\t\t\t<div class=\"elementor-widget-container\">\n\t\t\t\t\t\t\t<div class=\"elementor-spacer\">\n\t\t\t<div class=\"elementor-spacer-inner\"><\/div>\n\t\t<\/div>\n\t\t\t\t\t\t<\/div>\n\t\t\t\t<\/div>\n\t\t\t\t\t<\/div>\n\t\t<\/div>\n\t\t\t\t\t<\/div>\n\t\t<\/section>\n\t\t\t\t<\/div>\n\t\t","protected":false},"excerpt":{"rendered":"<p>CONTACT THE TEAM Would you like to meet with us to discuss a property purchase or set up a real estate alert to stay on top of new developments? Please provide us with &hellip;<\/p>\n","protected":false},"author":2,"featured_media":8154,"parent":0,"menu_order":0,"comment_status":"closed","ping_status":"closed","template":"","meta":{"_acf_changed":false,"footnotes":""},"class_list":["post-7803","page","type-page","status-publish","has-post-thumbnail","hentry"],"acf":[],"yoast_head":"<!-- This site is optimized with the Yoast SEO plugin v27.4 - https:\/\/yoast.com\/product\/yoast-seo-wordpress\/ -->\n<title>Contact us : buy or sell in Eastern Township | \u00c9quipe Lacroix<\/title>\n<meta name=\"description\" content=\"Get in touch with our team to sell or purchase a property.. L\u2019\u00c9quipe Lacroix, your Eastern Township reference in real estate!\" \/>\n<meta name=\"robots\" content=\"index, follow, max-snippet:-1, max-image-preview:large, max-video-preview:-1\" \/>\n<link rel=\"canonical\" href=\"https:\/\/equipelacroix.com\/en\/contact-us\/\" \/>\n<meta property=\"og:locale\" content=\"en_US\" \/>\n<meta property=\"og:type\" content=\"article\" \/>\n<meta property=\"og:title\" content=\"Contact us : buy or sell in Eastern Township | \u00c9quipe Lacroix\" \/>\n<meta property=\"og:description\" content=\"Get in touch with our team to sell or purchase a property.. L\u2019\u00c9quipe Lacroix, your Eastern Township reference in real estate!\" \/>\n<meta property=\"og:url\" content=\"https:\/\/equipelacroix.com\/en\/contact-us\/\" \/>\n<meta property=\"og:site_name\" content=\"\u00c9quipe Lacroix\" \/>\n<meta property=\"article:publisher\" content=\"https:\/\/www.facebook.com\/equipelacroix\" \/>\n<meta property=\"article:modified_time\" content=\"2023-11-22T15:27:42+00:00\" \/>\n<meta property=\"og:image\" content=\"https:\/\/equipelacroix.com\/wp-content\/uploads\/2023\/11\/header_contact.jpg\" \/>\n\t<meta property=\"og:image:width\" content=\"1920\" \/>\n\t<meta property=\"og:image:height\" content=\"370\" \/>\n\t<meta property=\"og:image:type\" content=\"image\/jpeg\" \/>\n<meta name=\"twitter:card\" content=\"summary_large_image\" \/>\n<script type=\"application\/ld+json\" class=\"yoast-schema-graph\">{\"@context\":\"https:\\\/\\\/schema.org\",\"@graph\":[{\"@type\":\"WebPage\",\"@id\":\"https:\\\/\\\/equipelacroix.com\\\/en\\\/contact-us\\\/\",\"url\":\"https:\\\/\\\/equipelacroix.com\\\/en\\\/contact-us\\\/\",\"name\":\"Contact us : buy or sell in Eastern Township | \u00c9quipe Lacroix\",\"isPartOf\":{\"@id\":\"https:\\\/\\\/equipelacroix.com\\\/en\\\/#website\"},\"primaryImageOfPage\":{\"@id\":\"https:\\\/\\\/equipelacroix.com\\\/en\\\/contact-us\\\/#primaryimage\"},\"image\":{\"@id\":\"https:\\\/\\\/equipelacroix.com\\\/en\\\/contact-us\\\/#primaryimage\"},\"thumbnailUrl\":\"https:\\\/\\\/equipelacroix.com\\\/wp-content\\\/uploads\\\/2023\\\/11\\\/header_contact.jpg\",\"datePublished\":\"2023-06-29T16:29:00+00:00\",\"dateModified\":\"2023-11-22T15:27:42+00:00\",\"description\":\"Get in touch with our team to sell or purchase a property.. L\u2019\u00c9quipe Lacroix, your Eastern Township reference in real estate!\",\"breadcrumb\":{\"@id\":\"https:\\\/\\\/equipelacroix.com\\\/en\\\/contact-us\\\/#breadcrumb\"},\"inLanguage\":\"en-US\",\"potentialAction\":[{\"@type\":\"ReadAction\",\"target\":[\"https:\\\/\\\/equipelacroix.com\\\/en\\\/contact-us\\\/\"]}]},{\"@type\":\"ImageObject\",\"inLanguage\":\"en-US\",\"@id\":\"https:\\\/\\\/equipelacroix.com\\\/en\\\/contact-us\\\/#primaryimage\",\"url\":\"https:\\\/\\\/equipelacroix.com\\\/wp-content\\\/uploads\\\/2023\\\/11\\\/header_contact.jpg\",\"contentUrl\":\"https:\\\/\\\/equipelacroix.com\\\/wp-content\\\/uploads\\\/2023\\\/11\\\/header_contact.jpg\",\"width\":1920,\"height\":370},{\"@type\":\"BreadcrumbList\",\"@id\":\"https:\\\/\\\/equipelacroix.com\\\/en\\\/contact-us\\\/#breadcrumb\",\"itemListElement\":[{\"@type\":\"ListItem\",\"position\":1,\"name\":\"Accueil\",\"item\":\"https:\\\/\\\/equipelacroix.com\\\/en\\\/\"},{\"@type\":\"ListItem\",\"position\":2,\"name\":\"Contact us\"}]},{\"@type\":\"WebSite\",\"@id\":\"https:\\\/\\\/equipelacroix.com\\\/en\\\/#website\",\"url\":\"https:\\\/\\\/equipelacroix.com\\\/en\\\/\",\"name\":\"\u00c9quipe Lacroix\",\"description\":\"Jos\u00e9, Jeremy et Mikael Lacroix, courtiers immobiliers \u00e0 Magog et Sherbrooke, Estrie | Sutton\",\"publisher\":{\"@id\":\"https:\\\/\\\/equipelacroix.com\\\/en\\\/#organization\"},\"potentialAction\":[{\"@type\":\"SearchAction\",\"target\":{\"@type\":\"EntryPoint\",\"urlTemplate\":\"https:\\\/\\\/equipelacroix.com\\\/en\\\/?s={search_term_string}\"},\"query-input\":{\"@type\":\"PropertyValueSpecification\",\"valueRequired\":true,\"valueName\":\"search_term_string\"}}],\"inLanguage\":\"en-US\"},{\"@type\":\"Organization\",\"@id\":\"https:\\\/\\\/equipelacroix.com\\\/en\\\/#organization\",\"name\":\"\u00c9quipe Lacroix | Jos\u00e9, Jeremy et Mikael Lacroix, courtiers immobiliers \u00e0 Magog et Sherbrooke, Estrie | Sutton\",\"url\":\"https:\\\/\\\/equipelacroix.com\\\/en\\\/\",\"logo\":{\"@type\":\"ImageObject\",\"inLanguage\":\"en-US\",\"@id\":\"https:\\\/\\\/equipelacroix.com\\\/en\\\/#\\\/schema\\\/logo\\\/image\\\/\",\"url\":\"https:\\\/\\\/equipelacroix.com\\\/wp-content\\\/uploads\\\/2022\\\/06\\\/logotop.png\",\"contentUrl\":\"https:\\\/\\\/equipelacroix.com\\\/wp-content\\\/uploads\\\/2022\\\/06\\\/logotop.png\",\"width\":890,\"height\":179,\"caption\":\"\u00c9quipe Lacroix | Jos\u00e9, Jeremy et Mikael Lacroix, courtiers immobiliers \u00e0 Magog et Sherbrooke, Estrie | Sutton\"},\"image\":{\"@id\":\"https:\\\/\\\/equipelacroix.com\\\/en\\\/#\\\/schema\\\/logo\\\/image\\\/\"},\"sameAs\":[\"https:\\\/\\\/www.facebook.com\\\/equipelacroix\"]}]}<\/script>\n<!-- \/ Yoast SEO plugin. -->","yoast_head_json":{"title":"Contact us : buy or sell in Eastern Township | \u00c9quipe Lacroix","description":"Get in touch with our team to sell or purchase a property.. L\u2019\u00c9quipe Lacroix, your Eastern Township reference in real estate!","robots":{"index":"index","follow":"follow","max-snippet":"max-snippet:-1","max-image-preview":"max-image-preview:large","max-video-preview":"max-video-preview:-1"},"canonical":"https:\/\/equipelacroix.com\/en\/contact-us\/","og_locale":"en_US","og_type":"article","og_title":"Contact us : buy or sell in Eastern Township | \u00c9quipe Lacroix","og_description":"Get in touch with our team to sell or purchase a property.. L\u2019\u00c9quipe Lacroix, your Eastern Township reference in real estate!","og_url":"https:\/\/equipelacroix.com\/en\/contact-us\/","og_site_name":"\u00c9quipe Lacroix","article_publisher":"https:\/\/www.facebook.com\/equipelacroix","article_modified_time":"2023-11-22T15:27:42+00:00","og_image":[{"width":1920,"height":370,"url":"https:\/\/equipelacroix.com\/wp-content\/uploads\/2023\/11\/header_contact.jpg","type":"image\/jpeg"}],"twitter_card":"summary_large_image","schema":{"@context":"https:\/\/schema.org","@graph":[{"@type":"WebPage","@id":"https:\/\/equipelacroix.com\/en\/contact-us\/","url":"https:\/\/equipelacroix.com\/en\/contact-us\/","name":"Contact us : buy or sell in Eastern Township | \u00c9quipe Lacroix","isPartOf":{"@id":"https:\/\/equipelacroix.com\/en\/#website"},"primaryImageOfPage":{"@id":"https:\/\/equipelacroix.com\/en\/contact-us\/#primaryimage"},"image":{"@id":"https:\/\/equipelacroix.com\/en\/contact-us\/#primaryimage"},"thumbnailUrl":"https:\/\/equipelacroix.com\/wp-content\/uploads\/2023\/11\/header_contact.jpg","datePublished":"2023-06-29T16:29:00+00:00","dateModified":"2023-11-22T15:27:42+00:00","description":"Get in touch with our team to sell or purchase a property.. L\u2019\u00c9quipe Lacroix, your Eastern Township reference in real estate!","breadcrumb":{"@id":"https:\/\/equipelacroix.com\/en\/contact-us\/#breadcrumb"},"inLanguage":"en-US","potentialAction":[{"@type":"ReadAction","target":["https:\/\/equipelacroix.com\/en\/contact-us\/"]}]},{"@type":"ImageObject","inLanguage":"en-US","@id":"https:\/\/equipelacroix.com\/en\/contact-us\/#primaryimage","url":"https:\/\/equipelacroix.com\/wp-content\/uploads\/2023\/11\/header_contact.jpg","contentUrl":"https:\/\/equipelacroix.com\/wp-content\/uploads\/2023\/11\/header_contact.jpg","width":1920,"height":370},{"@type":"BreadcrumbList","@id":"https:\/\/equipelacroix.com\/en\/contact-us\/#breadcrumb","itemListElement":[{"@type":"ListItem","position":1,"name":"Accueil","item":"https:\/\/equipelacroix.com\/en\/"},{"@type":"ListItem","position":2,"name":"Contact us"}]},{"@type":"WebSite","@id":"https:\/\/equipelacroix.com\/en\/#website","url":"https:\/\/equipelacroix.com\/en\/","name":"\u00c9quipe Lacroix","description":"Jos\u00e9, Jeremy et Mikael Lacroix, courtiers immobiliers \u00e0 Magog et Sherbrooke, Estrie | Sutton","publisher":{"@id":"https:\/\/equipelacroix.com\/en\/#organization"},"potentialAction":[{"@type":"SearchAction","target":{"@type":"EntryPoint","urlTemplate":"https:\/\/equipelacroix.com\/en\/?s={search_term_string}"},"query-input":{"@type":"PropertyValueSpecification","valueRequired":true,"valueName":"search_term_string"}}],"inLanguage":"en-US"},{"@type":"Organization","@id":"https:\/\/equipelacroix.com\/en\/#organization","name":"\u00c9quipe Lacroix | Jos\u00e9, Jeremy et Mikael Lacroix, courtiers immobiliers \u00e0 Magog et Sherbrooke, Estrie | Sutton","url":"https:\/\/equipelacroix.com\/en\/","logo":{"@type":"ImageObject","inLanguage":"en-US","@id":"https:\/\/equipelacroix.com\/en\/#\/schema\/logo\/image\/","url":"https:\/\/equipelacroix.com\/wp-content\/uploads\/2022\/06\/logotop.png","contentUrl":"https:\/\/equipelacroix.com\/wp-content\/uploads\/2022\/06\/logotop.png","width":890,"height":179,"caption":"\u00c9quipe Lacroix | Jos\u00e9, Jeremy et Mikael Lacroix, courtiers immobiliers \u00e0 Magog et Sherbrooke, Estrie | Sutton"},"image":{"@id":"https:\/\/equipelacroix.com\/en\/#\/schema\/logo\/image\/"},"sameAs":["https:\/\/www.facebook.com\/equipelacroix"]}]}},"_links":{"self":[{"href":"https:\/\/equipelacroix.com\/en\/wp-json\/wp\/v2\/pages\/7803","targetHints":{"allow":["GET"]}}],"collection":[{"href":"https:\/\/equipelacroix.com\/en\/wp-json\/wp\/v2\/pages"}],"about":[{"href":"https:\/\/equipelacroix.com\/en\/wp-json\/wp\/v2\/types\/page"}],"author":[{"embeddable":true,"href":"https:\/\/equipelacroix.com\/en\/wp-json\/wp\/v2\/users\/2"}],"replies":[{"embeddable":true,"href":"https:\/\/equipelacroix.com\/en\/wp-json\/wp\/v2\/comments?post=7803"}],"version-history":[{"count":2,"href":"https:\/\/equipelacroix.com\/en\/wp-json\/wp\/v2\/pages\/7803\/revisions"}],"predecessor-version":[{"id":8146,"href":"https:\/\/equipelacroix.com\/en\/wp-json\/wp\/v2\/pages\/7803\/revisions\/8146"}],"wp:featuredmedia":[{"embeddable":true,"href":"https:\/\/equipelacroix.com\/en\/wp-json\/wp\/v2\/media\/8154"}],"wp:attachment":[{"href":"https:\/\/equipelacroix.com\/en\/wp-json\/wp\/v2\/media?parent=7803"}],"curies":[{"name":"wp","href":"https:\/\/api.w.org\/{rel}","templated":true}]}}